{"id":15,"date":"2017-11-01T09:41:27","date_gmt":"2017-11-01T09:41:27","guid":{"rendered":"http:\/\/ferienwohnung-strobel-edling.de\/?page_id=15"},"modified":"2017-11-10T07:29:17","modified_gmt":"2017-11-10T07:29:17","slug":"ausstattung","status":"publish","type":"page","link":"https:\/\/ferienwohnung-strobel-edling.de\/?page_id=15","title":{"rendered":"Ausstattung"},"content":{"rendered":"<div id=\"metaslider-id-103\" style=\"max-width: 990px;\" class=\"ml-slider-3-60-1 metaslider metaslider-flex metaslider-103 ml-slider ms-theme-default\" role=\"region\" aria-roledescription=\"Slideshow\" aria-label=\"Ausstattung\">\n    <div id=\"metaslider_container_103\">\n        <div id=\"metaslider_103\">\n            <ul aria-live=\"polite\" class=\"slides\">\n                <li style=\"display: block; width: 100%;\" class=\"slide-104 ms-image\" aria-roledescription=\"slide\" aria-label=\"slide-104\"><img loading=\"lazy\" decoding=\"async\" src=\"https:\/\/ferienwohnung-strobel-edling.de\/wp-content\/uploads\/2017\/11\/001-980x613.jpg\" height=\"620\" width=\"990\" alt=\"\" class=\"slider-103 slide-104\" \/><\/li>\n                <li style=\"display: none; width: 100%;\" class=\"slide-105 ms-image\" aria-roledescription=\"slide\" aria-label=\"slide-105\"><img loading=\"lazy\" decoding=\"async\" src=\"https:\/\/ferienwohnung-strobel-edling.de\/wp-content\/uploads\/2017\/11\/002-878x550.jpg\" height=\"620\" width=\"990\" alt=\"\" class=\"slider-103 slide-105\" \/><\/li>\n                <li style=\"display: none; width: 100%;\" class=\"slide-106 ms-image\" aria-roledescription=\"slide\" aria-label=\"slide-106\"><img loading=\"lazy\" decoding=\"async\" src=\"https:\/\/ferienwohnung-strobel-edling.de\/wp-content\/uploads\/2017\/11\/003-980x613.jpg\" height=\"620\" width=\"990\" alt=\"\" class=\"slider-103 slide-106\" \/><\/li>\n                <li style=\"display: none; width: 100%;\" class=\"slide-107 ms-image\" aria-roledescription=\"slide\" aria-label=\"slide-107\"><img loading=\"lazy\" decoding=\"async\" src=\"https:\/\/ferienwohnung-strobel-edling.de\/wp-content\/uploads\/2017\/11\/004-958x600.jpg\" height=\"620\" width=\"990\" alt=\"\" class=\"slider-103 slide-107\" \/><\/li>\n                <li style=\"display: none; width: 100%;\" class=\"slide-108 ms-image\" aria-roledescription=\"slide\" aria-label=\"slide-108\"><img loading=\"lazy\" decoding=\"async\" src=\"https:\/\/ferienwohnung-strobel-edling.de\/wp-content\/uploads\/2017\/11\/005-980x613.jpg\" height=\"620\" width=\"990\" alt=\"\" class=\"slider-103 slide-108\" \/><\/li>\n                <li style=\"display: none; width: 100%;\" class=\"slide-109 ms-image\" aria-roledescription=\"slide\" aria-label=\"slide-109\"><img loading=\"lazy\" decoding=\"async\" src=\"https:\/\/ferienwohnung-strobel-edling.de\/wp-content\/uploads\/2017\/11\/006-980x613.jpg\" height=\"620\" width=\"990\" alt=\"\" class=\"slider-103 slide-109\" \/><\/li>\n                <li style=\"display: none; width: 100%;\" class=\"slide-110 ms-image\" aria-roledescription=\"slide\" aria-label=\"slide-110\"><img loading=\"lazy\" decoding=\"async\" src=\"https:\/\/ferienwohnung-strobel-edling.de\/wp-content\/uploads\/2017\/11\/007-980x613.jpg\" height=\"620\" width=\"990\" alt=\"\" class=\"slider-103 slide-110\" \/><\/li>\n            <\/ul>\n        <\/div>\n        \n    <\/div>\n<\/div>\n<ul>\n<li>Sehr sch\u00f6ne moderne Ferienwohnung in Ortsrandlage f\u00fcr 2\u00a0&#8211; 4 Personen (ca. 60qm).<br \/>\nHimmlischer, uneingeschr\u00e4nkter Blick auf die Alpen.<\/li>\n<li>Neue grosse K\u00fcche mit Essecke f\u00fcr 4 Personen (Geschirrsp\u00fcler, E-Herd, Ceranfeld, Kaffeemaschine und Komplettausstattung)<\/li>\n<li>Bad mit Dusche und Badewanne, WC<\/li>\n<li>Schlafzimmer mit Doppelbett<\/li>\n<li>Wohnzimmer mit ausziehbarer Couch f\u00fcr 2 Personen<\/li>\n<li>Sat &#8211; TV, CD, Radio, DVD-Player<\/li>\n<li>S\u00fcdbalkon mit Bergblick<\/li>\n<li>Autostellplatz vor dem Haus<\/li>\n<li>Bett- und Tischw\u00e4sche, K\u00fcchent\u00fccher<\/li>\n<li>Zustellbett f\u00fcr Kinder im Schlafzimmer m\u00f6glich<\/li>\n<\/ul>\n","protected":false},"excerpt":{"rendered":"<p>Sehr sch\u00f6ne moderne Ferienwohnung in Ortsrandlage f\u00fcr 2\u00a0&#8211; 4 Personen (ca. 60qm). Himmlischer, uneingeschr\u00e4nkter Blick auf die Alpen. Neue grosse K\u00fcche mit Essecke f\u00fcr 4 Personen (Geschirrsp\u00fcler, E-Herd, Ceranfeld, Kaffeemaschine und Komplettausstattung) Bad mit Dusche und Badewanne, WC Schlafzimmer mit Doppelbett Wohnzimmer mit ausziehbarer Couch f\u00fcr 2 Personen Sat &#8211; TV, CD, Radio, DVD-Player S\u00fcdbalkon &hellip; <a href=\"https:\/\/ferienwohnung-strobel-edling.de\/?page_id=15\" class=\"more-link\"><span class=\"screen-reader-text\">Ausstattung<\/span> weiterlesen<\/a><\/p>\n","protected":false},"author":1,"featured_media":0,"parent":0,"menu_order":0,"comment_status":"closed","ping_status":"closed","template":"","meta":{"footnotes":""},"_links":{"self":[{"href":"https:\/\/ferienwohnung-strobel-edling.de\/index.php?rest_route=\/wp\/v2\/pages\/15"}],"collection":[{"href":"https:\/\/ferienwohnung-strobel-edling.de\/index.php?rest_route=\/wp\/v2\/pages"}],"about":[{"href":"https:\/\/ferienwohnung-strobel-edling.de\/index.php?rest_route=\/wp\/v2\/types\/page"}],"author":[{"embeddable":true,"href":"https:\/\/ferienwohnung-strobel-edling.de\/index.php?rest_route=\/wp\/v2\/users\/1"}],"replies":[{"embeddable":true,"href":"https:\/\/ferienwohnung-strobel-edling.de\/index.php?rest_route=%2Fwp%2Fv2%2Fcomments&post=15"}],"version-history":[{"count":3,"href":"https:\/\/ferienwohnung-strobel-edling.de\/index.php?rest_route=\/wp\/v2\/pages\/15\/revisions"}],"predecessor-version":[{"id":111,"href":"https:\/\/ferienwohnung-strobel-edling.de\/index.php?rest_route=\/wp\/v2\/pages\/15\/revisions\/111"}],"wp:attachment":[{"href":"https:\/\/ferienwohnung-strobel-edling.de\/index.php?rest_route=%2Fwp%2Fv2%2Fmedia&parent=15"}],"curies":[{"name":"wp","href":"https:\/\/api.w.org\/{rel}","templated":true}]}}