{"id":10,"date":"2017-10-16T18:06:33","date_gmt":"2017-10-16T18:06:33","guid":{"rendered":"http:\/\/ferienwohnung-strobel-edling.de\/?page_id=10"},"modified":"2017-11-03T15:15:51","modified_gmt":"2017-11-03T15:15:51","slug":"preise","status":"publish","type":"page","link":"https:\/\/ferienwohnung-strobel-edling.de\/?page_id=10","title":{"rendered":"Preise"},"content":{"rendered":"<p>Preis \/ Tag 45.- Euro f\u00fcr max. 2 Personen<br \/>\nPreis \/ Tag 5.- Euro f\u00fcr jede weitere Person<\/p>\n<p>Endreinigung 25.- Euro<br \/>\nBei Buchungen von mehr als 10 Tagen entfallen die Kosten f\u00fcr die Endreinigung.<\/p>\n<p>Der Tagespreis enth\u00e4lt s\u00e4mtliche Nebenkosten (Wasser, Strom, Heizung) und deckt auch die Kosten f\u00fcr die zur Verf\u00fcgung gestellte W\u00e4sche (Bett- und Tischw\u00e4sche, Hand-, Bade- und Geschirrt\u00fccher, Badevorleger, Couch\u00fcberz\u00fcge, Couchkissenbez\u00fcge ab.<\/p>\n<p>Laut Gesetz ist der Mieter von Ferienwohnungen verpflichtet, auch bei einer pl\u00f6tzlichen Erkrankung oder Todesfall, den Mietpreis voll an den Vermieter zu zahlen (AZ: 2 S 496\/87 Landgericht Hanau). Wir sind jedoch bem\u00fcht, die R\u00fccktrittskosten f\u00fcr Stornierungen so gering wie m\u00f6glich zu halten, d.h. im Falle einer anderweitigen Ersatzvermietung erfolgt eine Verg\u00fctung evtl. berechneter Stornokosten.<\/p>\n<p>Das Buchungsentgelt wird sp\u00e4testens am Anreisetag f\u00e4llig. Ihre Buchung wird nach R\u00fcckbest\u00e4tigung durch uns f\u00fcr beide Seiten verbindlich.<\/p>\n<p>Am Anreisetag steht Ihnen die FeWo ab 15:30 Uhr zur Verf\u00fcgung.<\/p>\n<p>Am Abreisetag d\u00fcrfen wir Sie h\u00f6flichst ersuchen, die FeWo bis sp\u00e4testens 9:30 Uhr freizugeben, so dass eine ordentliche Endreinigung gew\u00e4hrleistet ist.<\/p>\n","protected":false},"excerpt":{"rendered":"<p>Preis \/ Tag 45.- Euro f\u00fcr max. 2 Personen Preis \/ Tag 5.- Euro f\u00fcr jede weitere Person Endreinigung 25.- Euro Bei Buchungen von mehr als 10 Tagen entfallen die Kosten f\u00fcr die Endreinigung. Der Tagespreis enth\u00e4lt s\u00e4mtliche Nebenkosten (Wasser, Strom, Heizung) und deckt auch die Kosten f\u00fcr die zur Verf\u00fcgung gestellte W\u00e4sche (Bett- und &hellip; <a href=\"https:\/\/ferienwohnung-strobel-edling.de\/?page_id=10\" class=\"more-link\"><span class=\"screen-reader-text\">Preise<\/span> weiterlesen<\/a><\/p>\n","protected":false},"author":1,"featured_media":0,"parent":0,"menu_order":0,"comment_status":"closed","ping_status":"closed","template":"","meta":{"footnotes":""},"_links":{"self":[{"href":"https:\/\/ferienwohnung-strobel-edling.de\/index.php?rest_route=\/wp\/v2\/pages\/10"}],"collection":[{"href":"https:\/\/ferienwohnung-strobel-edling.de\/index.php?rest_route=\/wp\/v2\/pages"}],"about":[{"href":"https:\/\/ferienwohnung-strobel-edling.de\/index.php?rest_route=\/wp\/v2\/types\/page"}],"author":[{"embeddable":true,"href":"https:\/\/ferienwohnung-strobel-edling.de\/index.php?rest_route=\/wp\/v2\/users\/1"}],"replies":[{"embeddable":true,"href":"https:\/\/ferienwohnung-strobel-edling.de\/index.php?rest_route=%2Fwp%2Fv2%2Fcomments&post=10"}],"version-history":[{"count":2,"href":"https:\/\/ferienwohnung-strobel-edling.de\/index.php?rest_route=\/wp\/v2\/pages\/10\/revisions"}],"predecessor-version":[{"id":86,"href":"https:\/\/ferienwohnung-strobel-edling.de\/index.php?rest_route=\/wp\/v2\/pages\/10\/revisions\/86"}],"wp:attachment":[{"href":"https:\/\/ferienwohnung-strobel-edling.de\/index.php?rest_route=%2Fwp%2Fv2%2Fmedia&parent=10"}],"curies":[{"name":"wp","href":"https:\/\/api.w.org\/{rel}","templated":true}]}}